{"id":5909,"date":"2026-04-08T12:40:30","date_gmt":"2026-04-08T10:40:30","guid":{"rendered":"https:\/\/bilive.ma\/?post_type=product&#038;p=5909"},"modified":"2026-04-08T12:43:11","modified_gmt":"2026-04-08T10:43:11","slug":"favrichon-muesli-croustillant-6-fruits-375g","status":"publish","type":"product","link":"https:\/\/bilive.ma\/index.php\/product\/favrichon-muesli-croustillant-6-fruits-375g\/","title":{"rendered":"Favrichon Muesli Croustillant 6 Fruits 375G"},"content":{"rendered":"<p style=\"text-align: justify;\"><strong>Ingr\u00e9dients:<\/strong><br \/>\nC\u00e9r\u00e9ales* 48,8% (flocons d\u2019avoine* complets 37,7%, riz* complet), fruits* 29% [raisins* 16% (raisins*, huile de tournesol*), noix de coco* r\u00e2p\u00e9e 4,2% , pommes* 3,2%, figues* 2,6% (figues*, farine de riz*), amandes* effil\u00e9es 1,9%, bananes* 1% (bananes*, huile de coco*, sucre de canne*, miel*)], sucre de canne*, huile de tournesol* (tournesol*, antioxydant: extrait de romarin*), sirop de riz*, extrait de vanille*.<\/p>\n<p style=\"text-align: justify;\">*Ingr\u00e9dients issus de l\u2019agriculture biologique<br \/>\nEn gras : allerg\u00e8nes. Peut contenir des traces de lait et d\u2019autres fruits \u00e0 coques.<\/p>\n<p style=\"text-align: justify;\"><strong>Valeurs nutritionnelles pour 100g:<\/strong><br \/>\nEnergie (Kcal \/ Kj) 448 \/ 1878<br \/>\nMati\u00e8res grasses (g) 17,5<br \/>\nAcides gras satur\u00e9s (g) 4,8<br \/>\nGlucides (g) 63,3<br \/>\ndont sucres (g) 33,7<br \/>\nFibres (g) 5,7<br \/>\nProt\u00e9ines (g) 6,4<br \/>\nSel (g) 0,01<\/p>\n","protected":false},"excerpt":{"rendered":"<p style=\"text-align: justify;\">De croustillantes p\u00e9pites de c\u00e9r\u00e9ales accompagn\u00e9es de 29% de fruits : raisins, noix de coco, pommes, figues, amandes et bananes.<\/p>\n","protected":false},"featured_media":5911,"comment_status":"open","ping_status":"closed","template":"","meta":[],"product_brand":[],"product_cat":[75,76],"product_tag":[],"class_list":{"0":"post-5909","1":"product","2":"type-product","3":"status-publish","4":"has-post-thumbnail","6":"product_cat-regimes-speciaux","7":"product_cat-sans-gluten","9":"first","10":"instock","11":"shipping-taxable","12":"purchasable","13":"product-type-simple"},"_links":{"self":[{"href":"https:\/\/bilive.ma\/index.php\/wp-json\/wp\/v2\/product\/5909","targetHints":{"allow":["GET"]}}],"collection":[{"href":"https:\/\/bilive.ma\/index.php\/wp-json\/wp\/v2\/product"}],"about":[{"href":"https:\/\/bilive.ma\/index.php\/wp-json\/wp\/v2\/types\/product"}],"replies":[{"embeddable":true,"href":"https:\/\/bilive.ma\/index.php\/wp-json\/wp\/v2\/comments?post=5909"}],"version-history":[{"count":1,"href":"https:\/\/bilive.ma\/index.php\/wp-json\/wp\/v2\/product\/5909\/revisions"}],"predecessor-version":[{"id":5910,"href":"https:\/\/bilive.ma\/index.php\/wp-json\/wp\/v2\/product\/5909\/revisions\/5910"}],"wp:featuredmedia":[{"embeddable":true,"href":"https:\/\/bilive.ma\/index.php\/wp-json\/wp\/v2\/media\/5911"}],"wp:attachment":[{"href":"https:\/\/bilive.ma\/index.php\/wp-json\/wp\/v2\/media?parent=5909"}],"wp:term":[{"taxonomy":"product_brand","embeddable":true,"href":"https:\/\/bilive.ma\/index.php\/wp-json\/wp\/v2\/product_brand?post=5909"},{"taxonomy":"product_cat","embeddable":true,"href":"https:\/\/bilive.ma\/index.php\/wp-json\/wp\/v2\/product_cat?post=5909"},{"taxonomy":"product_tag","embeddable":true,"href":"https:\/\/bilive.ma\/index.php\/wp-json\/wp\/v2\/product_tag?post=5909"}],"curies":[{"name":"wp","href":"https:\/\/api.w.org\/{rel}","templated":true}]}}