{"id":5938,"date":"2026-04-16T13:38:52","date_gmt":"2026-04-16T11:38:52","guid":{"rendered":"https:\/\/bilive.ma\/?post_type=product&#038;p=5938"},"modified":"2026-04-16T13:39:12","modified_gmt":"2026-04-16T11:39:12","slug":"le-pain-des-fleurs-tartines-craquantes-au-sarrasin-sans-sel-ni-sucres-ajoutes-300g","status":"publish","type":"product","link":"https:\/\/bilive.ma\/index.php\/product\/le-pain-des-fleurs-tartines-craquantes-au-sarrasin-sans-sel-ni-sucres-ajoutes-300g\/","title":{"rendered":"Le Pain des Fleurs Tartines Craquantes au Sarrasin sans Sel ni Sucres Ajout\u00e9s 300G"},"content":{"rendered":"<p style=\"text-align: justify;\"><strong>Ingr\u00e9dients:<\/strong><br \/>\nFarine de sarrasin*.<br \/>\n*issue de l\u2019agriculture biologique.<br \/>\nConditionnement<br \/>\n150 g (2 sachets fra\u00eecheur de 75 g)<\/p>\n<p style=\"text-align: justify;\"><strong>Conseils d\u2019utilisation:<\/strong><br \/>\nL\u00e9g\u00e8res et craquantes, elles remplacent le pain \u00e0 tout moment de la journ\u00e9e.<br \/>\nConservation<br \/>\nA conserver dans un endroit sec et \u00e0 l\u2019abri de la lumi\u00e8re.<\/p>\n","protected":false},"excerpt":{"rendered":"<p style=\"text-align: justify;\">La tartine bio sans gluten originelle de Pain des Fleurs, en version sans sel ni sucres ajout\u00e9s ! Une recette craquante 100% sarrasin.<\/p>\n","protected":false},"featured_media":5939,"comment_status":"open","ping_status":"closed","template":"","meta":[],"product_brand":[],"product_cat":[102,75],"product_tag":[],"class_list":{"0":"post-5938","1":"product","2":"type-product","3":"status-publish","4":"has-post-thumbnail","6":"product_cat-pauvre-en-sel","7":"product_cat-regimes-speciaux","9":"first","10":"instock","11":"shipping-taxable","12":"purchasable","13":"product-type-simple"},"_links":{"self":[{"href":"https:\/\/bilive.ma\/index.php\/wp-json\/wp\/v2\/product\/5938","targetHints":{"allow":["GET"]}}],"collection":[{"href":"https:\/\/bilive.ma\/index.php\/wp-json\/wp\/v2\/product"}],"about":[{"href":"https:\/\/bilive.ma\/index.php\/wp-json\/wp\/v2\/types\/product"}],"replies":[{"embeddable":true,"href":"https:\/\/bilive.ma\/index.php\/wp-json\/wp\/v2\/comments?post=5938"}],"version-history":[{"count":1,"href":"https:\/\/bilive.ma\/index.php\/wp-json\/wp\/v2\/product\/5938\/revisions"}],"predecessor-version":[{"id":5940,"href":"https:\/\/bilive.ma\/index.php\/wp-json\/wp\/v2\/product\/5938\/revisions\/5940"}],"wp:featuredmedia":[{"embeddable":true,"href":"https:\/\/bilive.ma\/index.php\/wp-json\/wp\/v2\/media\/5939"}],"wp:attachment":[{"href":"https:\/\/bilive.ma\/index.php\/wp-json\/wp\/v2\/media?parent=5938"}],"wp:term":[{"taxonomy":"product_brand","embeddable":true,"href":"https:\/\/bilive.ma\/index.php\/wp-json\/wp\/v2\/product_brand?post=5938"},{"taxonomy":"product_cat","embeddable":true,"href":"https:\/\/bilive.ma\/index.php\/wp-json\/wp\/v2\/product_cat?post=5938"},{"taxonomy":"product_tag","embeddable":true,"href":"https:\/\/bilive.ma\/index.php\/wp-json\/wp\/v2\/product_tag?post=5938"}],"curies":[{"name":"wp","href":"https:\/\/api.w.org\/{rel}","templated":true}]}}