{"id":5945,"date":"2026-04-16T14:11:31","date_gmt":"2026-04-16T12:11:31","guid":{"rendered":"https:\/\/bilive.ma\/?post_type=product&#038;p=5945"},"modified":"2026-04-16T14:13:58","modified_gmt":"2026-04-16T12:13:58","slug":"jardin-bio-bouillon-cube-legumes-sans-sel-sans-gluten-sans-lactose-72g","status":"publish","type":"product","link":"https:\/\/bilive.ma\/index.php\/product\/jardin-bio-bouillon-cube-legumes-sans-sel-sans-gluten-sans-lactose-72g\/","title":{"rendered":"Jardin Bio Bouillon Cube L\u00e9gumes sans Sel sans Gluten sans Lactose 72G"},"content":{"rendered":"<p style=\"text-align: justify;\"><strong>Ingr\u00e9dients:<\/strong><br \/>\nBeurre de karit\u00e9*, l\u00e9gumes* 20 % (tomates*, c\u00e9leri*, oignons*, carottes*, poireaux*, panais*), amidon de ma\u00efs*, sirop de glucose*, sucre de canne brut*, extrait de levure, aromates* (ail*, liv\u00e8che*, persil*, feuilles de c\u00e9leri*, origan*, romarin*, thym*), jus de l\u00e9gumes* concentr\u00e9 (c\u00e9leri*, carottes*, oignons*), huile d\u2019olive*, \u00e9pices*, sucre caram\u00e9lis\u00e9*, huile de tournesol*.<\/p>\n<p style=\"text-align: justify;\">*Produits issus de l\u2019agriculture biologique.<\/p>\n<p style=\"text-align: justify;\">Peut contenir des traces d\u2019oeufs, de soja et de moutarde.<\/p>\n<p style=\"text-align: justify;\">** conform\u00e9ment \u00e0 la r\u00e9glementation en vigueur sur le mode de production biologique.<\/p>\n<p style=\"text-align: justify;\"><strong>Valeurs nutritionnelles pour 100ml:<\/strong><br \/>\n\u00c9nergie 39 Kj \/ 9 Kcal<br \/>\nMati\u00e8res grasses \/ Fat 0,6 g<br \/>\ndont acides gras satur\u00e9s \/ of which saturates 0,3 g<br \/>\nGlucides \/ Carbohydrate 0,9 g<br \/>\ndont sucres \/ of which sugars 0,4 g<br \/>\nFibres alimentaires \/ Fibre 0,1 g<br \/>\nProt\u00e9ines \/ Protein 0,1 g<br \/>\nSel \/ Salt 0,012 g<\/p>\n","protected":false},"excerpt":{"rendered":"<p style=\"text-align: justify;\">Jardin BiO vous propose une recette riche en l\u00e9gumes, en aromates et en \u00e9pices biologiques sans aucun apport de sel et garanti sans gluten. Id\u00e9al pour vos plats cuisin\u00e9s, ou pour cuire vos p\u00e2tes et c\u00e9r\u00e9ales.<\/p>\n","protected":false},"featured_media":5946,"comment_status":"open","ping_status":"closed","template":"","meta":[],"product_brand":[],"product_cat":[102,75],"product_tag":[],"class_list":{"0":"post-5945","1":"product","2":"type-product","3":"status-publish","4":"has-post-thumbnail","6":"product_cat-pauvre-en-sel","7":"product_cat-regimes-speciaux","9":"first","10":"instock","11":"shipping-taxable","12":"purchasable","13":"product-type-simple"},"_links":{"self":[{"href":"https:\/\/bilive.ma\/index.php\/wp-json\/wp\/v2\/product\/5945","targetHints":{"allow":["GET"]}}],"collection":[{"href":"https:\/\/bilive.ma\/index.php\/wp-json\/wp\/v2\/product"}],"about":[{"href":"https:\/\/bilive.ma\/index.php\/wp-json\/wp\/v2\/types\/product"}],"replies":[{"embeddable":true,"href":"https:\/\/bilive.ma\/index.php\/wp-json\/wp\/v2\/comments?post=5945"}],"version-history":[{"count":1,"href":"https:\/\/bilive.ma\/index.php\/wp-json\/wp\/v2\/product\/5945\/revisions"}],"predecessor-version":[{"id":5947,"href":"https:\/\/bilive.ma\/index.php\/wp-json\/wp\/v2\/product\/5945\/revisions\/5947"}],"wp:featuredmedia":[{"embeddable":true,"href":"https:\/\/bilive.ma\/index.php\/wp-json\/wp\/v2\/media\/5946"}],"wp:attachment":[{"href":"https:\/\/bilive.ma\/index.php\/wp-json\/wp\/v2\/media?parent=5945"}],"wp:term":[{"taxonomy":"product_brand","embeddable":true,"href":"https:\/\/bilive.ma\/index.php\/wp-json\/wp\/v2\/product_brand?post=5945"},{"taxonomy":"product_cat","embeddable":true,"href":"https:\/\/bilive.ma\/index.php\/wp-json\/wp\/v2\/product_cat?post=5945"},{"taxonomy":"product_tag","embeddable":true,"href":"https:\/\/bilive.ma\/index.php\/wp-json\/wp\/v2\/product_tag?post=5945"}],"curies":[{"name":"wp","href":"https:\/\/api.w.org\/{rel}","templated":true}]}}