{"id":5996,"date":"2026-04-20T13:20:09","date_gmt":"2026-04-20T11:20:09","guid":{"rendered":"https:\/\/bilive.ma\/?post_type=product&#038;p=5996"},"modified":"2026-04-20T13:23:17","modified_gmt":"2026-04-20T11:23:17","slug":"olives-vertes-au-citron","status":"publish","type":"product","link":"https:\/\/bilive.ma\/index.php\/product\/olives-vertes-au-citron\/","title":{"rendered":"Olives vertes au citron"},"content":{"rendered":"<h3 data-section-id=\"17ejcub\" data-start=\"138\" data-end=\"184\">\u0632\u064a\u062a\u0648\u0646 \u0623\u062e\u0636\u0631 \u0645\u062a\u0628\u0644 \u0628\u0627\u0644\u062d\u0627\u0645\u0636 \u2013 \u0646\u0643\u0647\u0629 \u062a\u0642\u0644\u064a\u062f\u064a\u0629<\/h3>\n<p data-start=\"186\" data-end=\"411\">Savourez de d\u00e9licieuses olives vertes marin\u00e9es, pr\u00e9par\u00e9es selon une recette authentique avec du citron et des aromates soigneusement s\u00e9lectionn\u00e9s.<br data-start=\"332\" data-end=\"335\" \/>\u0627\u0633\u062a\u0645\u062a\u0639 \u0628\u0632\u064a\u062a\u0648\u0646 \u0623\u062e\u0636\u0631 \u0644\u0630\u064a\u0630 \u0645\u062a\u0628\u0644 \u0628\u0637\u0631\u064a\u0642\u0629 \u062a\u0642\u0644\u064a\u062f\u064a\u0629 \u0645\u0639 \u0627\u0644\u062d\u0627\u0645\u0636 \u0648\u062a\u0648\u0627\u0628\u0644 \u0645\u062e\u062a\u0627\u0631\u0629 \u0628\u0639\u0646\u0627\u064a\u0629.<\/p>\n","protected":false},"excerpt":{"rendered":"<h3 data-section-id=\"17ejcub\" data-start=\"138\" data-end=\"184\">\u0632\u064a\u062a\u0648\u0646 \u0623\u062e\u0636\u0631 \u0645\u062a\u0628\u0644 \u0628\u0627\u0644\u062d\u0627\u0645\u0636 \u2013 \u0646\u0643\u0647\u0629 \u062a\u0642\u0644\u064a\u062f\u064a\u0629<\/h3>\n<p data-start=\"186\" data-end=\"411\">Savourez de d\u00e9licieuses olives vertes marin\u00e9es, pr\u00e9par\u00e9es selon une recette authentique avec du citron et des aromates soigneusement s\u00e9lectionn\u00e9s.<br data-start=\"332\" data-end=\"335\" \/>\u0627\u0633\u062a\u0645\u062a\u0639 \u0628\u0632\u064a\u062a\u0648\u0646 \u0623\u062e\u0636\u0631 \u0644\u0630\u064a\u0630 \u0645\u062a\u0628\u0644 \u0628\u0637\u0631\u064a\u0642\u0629 \u062a\u0642\u0644\u064a\u062f\u064a\u0629 \u0645\u0639 \u0627\u0644\u062d\u0627\u0645\u0636 \u0648\u062a\u0648\u0627\u0628\u0644 \u0645\u062e\u062a\u0627\u0631\u0629 \u0628\u0639\u0646\u0627\u064a\u0629.<\/p>\n<h4 data-start=\"418\" data-end=\"455\">Caract\u00e9ristiques | \u0627\u0644\u0645\u0645\u064a\u0632\u0627\u062a :<\/h4>\n<ul data-start=\"456\" data-end=\"722\">\n<li data-section-id=\"kmmu0j\" data-start=\"456\" data-end=\"522\">Olives vertes de qualit\u00e9 sup\u00e9rieure<br data-start=\"493\" data-end=\"496\" \/>\u0632\u064a\u062a\u0648\u0646 \u0623\u062e\u0636\u0631 \u0639\u0627\u0644\u064a \u0627\u0644\u062c\u0648\u062f\u0629<\/li>\n<li data-section-id=\"162vyxf\" data-start=\"523\" data-end=\"600\">Marin\u00e9es avec citron naturel et \u00e9pices<br data-start=\"563\" data-end=\"566\" \/>\u0645\u062a\u0628\u0644 \u0628\u0627\u0644\u0644\u064a\u0645\u0648\u0646 \u0627\u0644\u0637\u0628\u064a\u0639\u064a \u0648\u0627\u0644\u062a\u0648\u0627\u0628\u0644<\/li>\n<li data-section-id=\"10fi9fk\" data-start=\"601\" data-end=\"679\">Go\u00fbt \u00e9quilibr\u00e9 : acidul\u00e9, sal\u00e9 et parfum\u00e9<br data-start=\"644\" data-end=\"647\" \/>\u0637\u0639\u0645 \u0645\u062a\u0648\u0627\u0632\u0646: \u062d\u0627\u0645\u0636\u060c \u0645\u0627\u0644\u062d \u0648\u0639\u0637\u0631\u064a<\/li>\n<li data-section-id=\"1tuhrv3\" data-start=\"680\" data-end=\"722\">Pr\u00eates \u00e0 consommer<br data-start=\"700\" data-end=\"703\" \/>\u062c\u0627\u0647\u0632\u0629 \u0644\u0644\u0627\u0633\u062a\u0647\u0644\u0627\u0643<\/li>\n<\/ul>\n","protected":false},"featured_media":5997,"comment_status":"open","ping_status":"closed","template":"","meta":[],"product_brand":[],"product_cat":[80,105],"product_tag":[],"class_list":{"0":"post-5996","1":"product","2":"type-product","3":"status-publish","4":"has-post-thumbnail","6":"product_cat-huiles-et-olive","7":"product_cat-produits-du-terroir","9":"first","10":"instock","11":"shipping-taxable","12":"purchasable","13":"product-type-simple"},"_links":{"self":[{"href":"https:\/\/bilive.ma\/index.php\/wp-json\/wp\/v2\/product\/5996","targetHints":{"allow":["GET"]}}],"collection":[{"href":"https:\/\/bilive.ma\/index.php\/wp-json\/wp\/v2\/product"}],"about":[{"href":"https:\/\/bilive.ma\/index.php\/wp-json\/wp\/v2\/types\/product"}],"replies":[{"embeddable":true,"href":"https:\/\/bilive.ma\/index.php\/wp-json\/wp\/v2\/comments?post=5996"}],"version-history":[{"count":2,"href":"https:\/\/bilive.ma\/index.php\/wp-json\/wp\/v2\/product\/5996\/revisions"}],"predecessor-version":[{"id":6001,"href":"https:\/\/bilive.ma\/index.php\/wp-json\/wp\/v2\/product\/5996\/revisions\/6001"}],"wp:featuredmedia":[{"embeddable":true,"href":"https:\/\/bilive.ma\/index.php\/wp-json\/wp\/v2\/media\/5997"}],"wp:attachment":[{"href":"https:\/\/bilive.ma\/index.php\/wp-json\/wp\/v2\/media?parent=5996"}],"wp:term":[{"taxonomy":"product_brand","embeddable":true,"href":"https:\/\/bilive.ma\/index.php\/wp-json\/wp\/v2\/product_brand?post=5996"},{"taxonomy":"product_cat","embeddable":true,"href":"https:\/\/bilive.ma\/index.php\/wp-json\/wp\/v2\/product_cat?post=5996"},{"taxonomy":"product_tag","embeddable":true,"href":"https:\/\/bilive.ma\/index.php\/wp-json\/wp\/v2\/product_tag?post=5996"}],"curies":[{"name":"wp","href":"https:\/\/api.w.org\/{rel}","templated":true}]}}