{"id":6004,"date":"2026-04-20T13:34:35","date_gmt":"2026-04-20T11:34:35","guid":{"rendered":"https:\/\/bilive.ma\/?post_type=product&#038;p=6004"},"modified":"2026-04-20T13:34:35","modified_gmt":"2026-04-20T11:34:35","slug":"olives-noires-marinees-aux-herbes","status":"publish","type":"product","link":"https:\/\/bilive.ma\/index.php\/product\/olives-noires-marinees-aux-herbes\/","title":{"rendered":"Olives noires marin\u00e9es aux herbes"},"content":{"rendered":"<p style=\"text-align: justify;\" data-start=\"114\" data-end=\"411\">Savourez de d\u00e9licieuses <span class=\"hover:entity-accent entity-underline inline cursor-pointer align-baseline\"><span class=\"whitespace-normal\">olives noires<\/span><\/span> soigneusement s\u00e9lectionn\u00e9es et marin\u00e9es dans un m\u00e9lange d\u2019herbes aromatiques et d\u2019\u00e9pices naturelles. Leur texture fondante et leur go\u00fbt riche, l\u00e9g\u00e8rement relev\u00e9, en font un incontournable de l\u2019ap\u00e9ritif ou de la cuisine m\u00e9diterran\u00e9enne.<\/p>\n<p style=\"text-align: justify;\" data-start=\"413\" data-end=\"440\">\ud83c\udf3f <strong data-start=\"416\" data-end=\"438\">Caract\u00e9ristiques :<\/strong><\/p>\n<ul style=\"text-align: justify;\" data-start=\"441\" data-end=\"552\">\n<li data-section-id=\"1iqkx41\" data-start=\"441\" data-end=\"457\">Poids : 500g<\/li>\n<li data-section-id=\"rh4zbb\" data-start=\"458\" data-end=\"484\">Pr\u00e9paration artisanale<\/li>\n<li data-section-id=\"1v04pyx\" data-start=\"485\" data-end=\"519\">Marinade aux herbes naturelles<\/li>\n<li data-section-id=\"mv9mp8\" data-start=\"520\" data-end=\"552\">Saveur intense et \u00e9quilibr\u00e9e<\/li>\n<\/ul>\n<p style=\"text-align: justify;\" data-start=\"554\" data-end=\"697\">\ud83c\udf7d\ufe0f <strong data-start=\"558\" data-end=\"584\">Id\u00e9es de d\u00e9gustation :<\/strong><br data-start=\"584\" data-end=\"587\" \/>Parfaites \u00e0 l\u2019ap\u00e9ritif, en salade, dans des plats m\u00e9diterran\u00e9ens ou pour accompagner fromages et charcuteries.<\/p>\n<p style=\"text-align: justify;\" data-start=\"699\" data-end=\"795\">\ud83d\udce6 <strong data-start=\"702\" data-end=\"723\">Conditionnement :<\/strong><br data-start=\"723\" data-end=\"726\" \/>Emballage herm\u00e9tique garantissant fra\u00eecheur et conservation optimale.<\/p>\n","protected":false},"excerpt":{"rendered":"<p style=\"text-align: justify;\">Savourez de d\u00e9licieuses <span class=\"hover:entity-accent entity-underline inline cursor-pointer align-baseline\"><span class=\"whitespace-normal\">olives noires<\/span><\/span> soigneusement s\u00e9lectionn\u00e9es et marin\u00e9es dans un m\u00e9lange d\u2019herbes aromatiques et d\u2019\u00e9pices naturelles. Leur texture fondante et leur go\u00fbt riche, l\u00e9g\u00e8rement relev\u00e9, en font un incontournable de l\u2019ap\u00e9ritif ou de la cuisine m\u00e9diterran\u00e9enne.<\/p>\n","protected":false},"featured_media":6005,"comment_status":"open","ping_status":"closed","template":"","meta":[],"product_brand":[],"product_cat":[80,105],"product_tag":[],"class_list":{"0":"post-6004","1":"product","2":"type-product","3":"status-publish","4":"has-post-thumbnail","6":"product_cat-huiles-et-olive","7":"product_cat-produits-du-terroir","9":"first","10":"instock","11":"shipping-taxable","12":"purchasable","13":"product-type-simple"},"_links":{"self":[{"href":"https:\/\/bilive.ma\/index.php\/wp-json\/wp\/v2\/product\/6004","targetHints":{"allow":["GET"]}}],"collection":[{"href":"https:\/\/bilive.ma\/index.php\/wp-json\/wp\/v2\/product"}],"about":[{"href":"https:\/\/bilive.ma\/index.php\/wp-json\/wp\/v2\/types\/product"}],"replies":[{"embeddable":true,"href":"https:\/\/bilive.ma\/index.php\/wp-json\/wp\/v2\/comments?post=6004"}],"version-history":[{"count":1,"href":"https:\/\/bilive.ma\/index.php\/wp-json\/wp\/v2\/product\/6004\/revisions"}],"predecessor-version":[{"id":6006,"href":"https:\/\/bilive.ma\/index.php\/wp-json\/wp\/v2\/product\/6004\/revisions\/6006"}],"wp:featuredmedia":[{"embeddable":true,"href":"https:\/\/bilive.ma\/index.php\/wp-json\/wp\/v2\/media\/6005"}],"wp:attachment":[{"href":"https:\/\/bilive.ma\/index.php\/wp-json\/wp\/v2\/media?parent=6004"}],"wp:term":[{"taxonomy":"product_brand","embeddable":true,"href":"https:\/\/bilive.ma\/index.php\/wp-json\/wp\/v2\/product_brand?post=6004"},{"taxonomy":"product_cat","embeddable":true,"href":"https:\/\/bilive.ma\/index.php\/wp-json\/wp\/v2\/product_cat?post=6004"},{"taxonomy":"product_tag","embeddable":true,"href":"https:\/\/bilive.ma\/index.php\/wp-json\/wp\/v2\/product_tag?post=6004"}],"curies":[{"name":"wp","href":"https:\/\/api.w.org\/{rel}","templated":true}]}}