{"id":6062,"date":"2026-04-20T15:17:08","date_gmt":"2026-04-20T13:17:08","guid":{"rendered":"https:\/\/bilive.ma\/?post_type=product&#038;p=6062"},"modified":"2026-04-20T15:17:08","modified_gmt":"2026-04-20T13:17:08","slug":"olives-marinees-a-la-charmoula","status":"publish","type":"product","link":"https:\/\/bilive.ma\/index.php\/product\/olives-marinees-a-la-charmoula\/","title":{"rendered":"Olives marin\u00e9es \u00e0 la charmoula"},"content":{"rendered":"<p style=\"text-align: justify;\" data-start=\"134\" data-end=\"392\">Savourez de d\u00e9licieuses olives marin\u00e9es dans une sauce charmoula riche et parfum\u00e9e. Cette pr\u00e9paration traditionnelle associe des \u00e9pices soigneusement s\u00e9lectionn\u00e9es, de l\u2019ail, et des herbes aromatiques pour offrir un go\u00fbt intense et typiquement m\u00e9diterran\u00e9en.<\/p>\n<p style=\"text-align: justify;\" data-start=\"394\" data-end=\"416\"><strong data-start=\"394\" data-end=\"416\">Caract\u00e9ristiques :<\/strong><\/p>\n<ul style=\"text-align: justify;\" data-start=\"417\" data-end=\"604\">\n<li data-section-id=\"1abj97n\" data-start=\"417\" data-end=\"452\">Olives de qualit\u00e9 s\u00e9lectionn\u00e9es<\/li>\n<li data-section-id=\"8cz5sl\" data-start=\"453\" data-end=\"502\">Marinade \u00e0 la charmoula (\u00e9pices, ail, herbes)<\/li>\n<li data-section-id=\"k3hg12\" data-start=\"503\" data-end=\"546\">Go\u00fbt riche, l\u00e9g\u00e8rement \u00e9pic\u00e9 et parfum\u00e9<\/li>\n<li data-section-id=\"1dedby8\" data-start=\"547\" data-end=\"579\">Texture tendre et savoureuse<\/li>\n<li data-section-id=\"1yy26mc\" data-start=\"580\" data-end=\"604\">Recette traditionnelle<\/li>\n<\/ul>\n<p style=\"text-align: justify;\" data-start=\"606\" data-end=\"723\"><strong data-start=\"606\" data-end=\"634\">Conseils d\u2019utilisation :<\/strong><br data-start=\"634\" data-end=\"637\" \/>Id\u00e9ales pour vos ap\u00e9ritifs, en accompagnement de plats ou pour agr\u00e9menter vos salades.<\/p>\n","protected":false},"excerpt":{"rendered":"<p style=\"text-align: justify;\">Savourez de d\u00e9licieuses olives marin\u00e9es dans une sauce charmoula riche et parfum\u00e9e. Cette pr\u00e9paration traditionnelle associe des \u00e9pices soigneusement s\u00e9lectionn\u00e9es, de l\u2019ail, et des herbes aromatiques pour offrir un go\u00fbt intense et typiquement m\u00e9diterran\u00e9en.<\/p>\n","protected":false},"featured_media":6063,"comment_status":"open","ping_status":"closed","template":"","meta":[],"product_brand":[],"product_cat":[80,105],"product_tag":[],"class_list":{"0":"post-6062","1":"product","2":"type-product","3":"status-publish","4":"has-post-thumbnail","6":"product_cat-huiles-et-olive","7":"product_cat-produits-du-terroir","9":"first","10":"instock","11":"shipping-taxable","12":"purchasable","13":"product-type-simple"},"_links":{"self":[{"href":"https:\/\/bilive.ma\/index.php\/wp-json\/wp\/v2\/product\/6062","targetHints":{"allow":["GET"]}}],"collection":[{"href":"https:\/\/bilive.ma\/index.php\/wp-json\/wp\/v2\/product"}],"about":[{"href":"https:\/\/bilive.ma\/index.php\/wp-json\/wp\/v2\/types\/product"}],"replies":[{"embeddable":true,"href":"https:\/\/bilive.ma\/index.php\/wp-json\/wp\/v2\/comments?post=6062"}],"version-history":[{"count":1,"href":"https:\/\/bilive.ma\/index.php\/wp-json\/wp\/v2\/product\/6062\/revisions"}],"predecessor-version":[{"id":6064,"href":"https:\/\/bilive.ma\/index.php\/wp-json\/wp\/v2\/product\/6062\/revisions\/6064"}],"wp:featuredmedia":[{"embeddable":true,"href":"https:\/\/bilive.ma\/index.php\/wp-json\/wp\/v2\/media\/6063"}],"wp:attachment":[{"href":"https:\/\/bilive.ma\/index.php\/wp-json\/wp\/v2\/media?parent=6062"}],"wp:term":[{"taxonomy":"product_brand","embeddable":true,"href":"https:\/\/bilive.ma\/index.php\/wp-json\/wp\/v2\/product_brand?post=6062"},{"taxonomy":"product_cat","embeddable":true,"href":"https:\/\/bilive.ma\/index.php\/wp-json\/wp\/v2\/product_cat?post=6062"},{"taxonomy":"product_tag","embeddable":true,"href":"https:\/\/bilive.ma\/index.php\/wp-json\/wp\/v2\/product_tag?post=6062"}],"curies":[{"name":"wp","href":"https:\/\/api.w.org\/{rel}","templated":true}]}}