{"id":6065,"date":"2026-04-20T15:18:57","date_gmt":"2026-04-20T13:18:57","guid":{"rendered":"https:\/\/bilive.ma\/?post_type=product&#038;p=6065"},"modified":"2026-04-20T15:18:57","modified_gmt":"2026-04-20T13:18:57","slug":"olives-noires-baldi-gout-intense-et-authentique","status":"publish","type":"product","link":"https:\/\/bilive.ma\/index.php\/product\/olives-noires-baldi-gout-intense-et-authentique\/","title":{"rendered":"Olives noires Baldi \u2013 Go\u00fbt intense et authentique"},"content":{"rendered":"<p style=\"text-align: justify;\" data-start=\"121\" data-end=\"344\">D\u00e9couvrez les olives noires Baldi, reconnues pour leur saveur riche et leur texture fondante. S\u00e9lectionn\u00e9es avec soin, ces olives offrent un go\u00fbt intense et l\u00e9g\u00e8rement sal\u00e9, id\u00e9al pour les amateurs de produits authentiques.<\/p>\n<p style=\"text-align: justify;\" data-start=\"346\" data-end=\"368\"><strong data-start=\"346\" data-end=\"368\">Caract\u00e9ristiques :<\/strong><\/p>\n<ul style=\"text-align: justify;\" data-start=\"369\" data-end=\"526\">\n<li data-section-id=\"9g5nqp\" data-start=\"369\" data-end=\"408\">Olives noires de qualit\u00e9 sup\u00e9rieure<\/li>\n<li data-section-id=\"1bm2acu\" data-start=\"409\" data-end=\"442\">Saveur prononc\u00e9e et naturelle<\/li>\n<li data-section-id=\"1obfbpo\" data-start=\"443\" data-end=\"472\">Texture tendre et charnue<\/li>\n<li data-section-id=\"m3j6o5\" data-start=\"473\" data-end=\"503\">Pr\u00e9paration traditionnelle<\/li>\n<li data-section-id=\"730jcb\" data-start=\"504\" data-end=\"526\">Pr\u00eates \u00e0 consommer<\/li>\n<\/ul>\n<p style=\"text-align: justify;\" data-start=\"528\" data-end=\"655\"><strong data-start=\"528\" data-end=\"556\">Conseils d\u2019utilisation :<\/strong><br data-start=\"556\" data-end=\"559\" \/>Parfaites pour l\u2019ap\u00e9ritif, en accompagnement de vos plats, salades ou recettes m\u00e9diterran\u00e9ennes.<\/p>\n","protected":false},"excerpt":{"rendered":"<p style=\"text-align: justify;\">D\u00e9couvrez les olives noires Baldi, reconnues pour leur saveur riche et leur texture fondante. S\u00e9lectionn\u00e9es avec soin, ces olives offrent un go\u00fbt intense et l\u00e9g\u00e8rement sal\u00e9, id\u00e9al pour les amateurs de produits authentiques.<\/p>\n","protected":false},"featured_media":6066,"comment_status":"open","ping_status":"closed","template":"","meta":[],"product_brand":[],"product_cat":[80,105],"product_tag":[],"class_list":{"0":"post-6065","1":"product","2":"type-product","3":"status-publish","4":"has-post-thumbnail","6":"product_cat-huiles-et-olive","7":"product_cat-produits-du-terroir","9":"first","10":"instock","11":"shipping-taxable","12":"purchasable","13":"product-type-simple"},"_links":{"self":[{"href":"https:\/\/bilive.ma\/index.php\/wp-json\/wp\/v2\/product\/6065","targetHints":{"allow":["GET"]}}],"collection":[{"href":"https:\/\/bilive.ma\/index.php\/wp-json\/wp\/v2\/product"}],"about":[{"href":"https:\/\/bilive.ma\/index.php\/wp-json\/wp\/v2\/types\/product"}],"replies":[{"embeddable":true,"href":"https:\/\/bilive.ma\/index.php\/wp-json\/wp\/v2\/comments?post=6065"}],"version-history":[{"count":1,"href":"https:\/\/bilive.ma\/index.php\/wp-json\/wp\/v2\/product\/6065\/revisions"}],"predecessor-version":[{"id":6067,"href":"https:\/\/bilive.ma\/index.php\/wp-json\/wp\/v2\/product\/6065\/revisions\/6067"}],"wp:featuredmedia":[{"embeddable":true,"href":"https:\/\/bilive.ma\/index.php\/wp-json\/wp\/v2\/media\/6066"}],"wp:attachment":[{"href":"https:\/\/bilive.ma\/index.php\/wp-json\/wp\/v2\/media?parent=6065"}],"wp:term":[{"taxonomy":"product_brand","embeddable":true,"href":"https:\/\/bilive.ma\/index.php\/wp-json\/wp\/v2\/product_brand?post=6065"},{"taxonomy":"product_cat","embeddable":true,"href":"https:\/\/bilive.ma\/index.php\/wp-json\/wp\/v2\/product_cat?post=6065"},{"taxonomy":"product_tag","embeddable":true,"href":"https:\/\/bilive.ma\/index.php\/wp-json\/wp\/v2\/product_tag?post=6065"}],"curies":[{"name":"wp","href":"https:\/\/api.w.org\/{rel}","templated":true}]}}