{"id":6071,"date":"2026-04-20T15:25:42","date_gmt":"2026-04-20T13:25:42","guid":{"rendered":"https:\/\/bilive.ma\/?post_type=product&#038;p=6071"},"modified":"2026-04-20T15:43:31","modified_gmt":"2026-04-20T13:43:31","slug":"vinaigre-de-pomme-naturel","status":"publish","type":"product","link":"https:\/\/bilive.ma\/index.php\/product\/vinaigre-de-pomme-naturel\/","title":{"rendered":"Vinaigre de Pomme Naturel : \u062e\u0644 \u0627\u0644\u062a\u0641\u0627\u062d \u0627\u0644\u0628\u0644\u062f\u064a \u0627\u0644\u0637\u0628\u064a\u0639\u064a"},"content":{"rendered":"<p style=\"text-align: justify;\" data-start=\"112\" data-end=\"379\">D\u00e9couvrez un vinaigre de pomme naturel, \u00e9labor\u00e9 selon des m\u00e9thodes traditionnelles pour pr\u00e9server toutes ses qualit\u00e9s gustatives et nutritionnelles. Appr\u00e9ci\u00e9 pour son go\u00fbt l\u00e9g\u00e8rement acidul\u00e9 et fruit\u00e9, il est un indispensable en cuisine comme pour un usage bien-\u00eatre.<\/p>\n<h4 style=\"text-align: justify;\" data-start=\"381\" data-end=\"406\">\u2728 Caract\u00e9ristiques :<\/h4>\n<ul style=\"text-align: justify;\" data-start=\"407\" data-end=\"533\">\n<li data-section-id=\"rp81mj\" data-start=\"407\" data-end=\"441\">100% vinaigre de pomme naturel<\/li>\n<li data-section-id=\"16ymo0l\" data-start=\"442\" data-end=\"475\">\u00c9labor\u00e9 de mani\u00e8re artisanale<\/li>\n<li data-section-id=\"1g6mrzp\" data-start=\"476\" data-end=\"506\">Sans additifs ni colorants<\/li>\n<li data-section-id=\"lnhd9c\" data-start=\"507\" data-end=\"533\">Go\u00fbt doux et \u00e9quilibr\u00e9<\/li>\n<\/ul>\n<h4 style=\"text-align: justify;\" data-start=\"535\" data-end=\"557\">\ud83c\udf7d\ufe0f Utilisation :<\/h4>\n<p style=\"text-align: justify;\" data-start=\"558\" data-end=\"679\">Id\u00e9al pour assaisonner vos salades, pr\u00e9parer des marinades, relever vos plats ou encore pour des recettes sant\u00e9 et d\u00e9tox.<\/p>\n<h4 style=\"text-align: justify;\" data-start=\"681\" data-end=\"700\">\ud83d\udcaa Bienfaits :<\/h4>\n<p style=\"text-align: justify;\" data-start=\"701\" data-end=\"823\">Connu pour ses propri\u00e9t\u00e9s digestives et purifiantes, le vinaigre de pomme est souvent utilis\u00e9 dans les routines bien-\u00eatre.<\/p>\n<h4 style=\"text-align: justify;\" data-start=\"825\" data-end=\"850\">\ud83d\udce6 Conditionnement :<\/h4>\n<p style=\"text-align: justify;\" data-start=\"851\" data-end=\"925\">Bouteille pratique avec bouchon herm\u00e9tique pour une conservation optimale.<\/p>\n<h4 style=\"text-align: justify;\" data-start=\"927\" data-end=\"949\">\u26a0\ufe0f Conservation :<\/h4>\n<p style=\"text-align: justify;\" data-start=\"950\" data-end=\"1015\">\u00c0 conserver dans un endroit frais et sec, \u00e0 l\u2019abri de la lumi\u00e8re.<\/p>\n","protected":false},"excerpt":{"rendered":"<p style=\"text-align: justify;\">D\u00e9couvrez un vinaigre de pomme naturel, \u00e9labor\u00e9 selon des m\u00e9thodes traditionnelles pour pr\u00e9server toutes ses qualit\u00e9s gustatives et nutritionnelles. Appr\u00e9ci\u00e9 pour son go\u00fbt l\u00e9g\u00e8rement acidul\u00e9 et fruit\u00e9, il est un indispensable en cuisine comme pour un usage bien-\u00eatre.<\/p>\n","protected":false},"featured_media":6072,"comment_status":"open","ping_status":"closed","template":"","meta":[],"product_brand":[],"product_cat":[80,105],"product_tag":[],"class_list":{"0":"post-6071","1":"product","2":"type-product","3":"status-publish","4":"has-post-thumbnail","6":"product_cat-huiles-et-olive","7":"product_cat-produits-du-terroir","9":"first","10":"instock","11":"shipping-taxable","12":"purchasable","13":"product-type-simple"},"_links":{"self":[{"href":"https:\/\/bilive.ma\/index.php\/wp-json\/wp\/v2\/product\/6071","targetHints":{"allow":["GET"]}}],"collection":[{"href":"https:\/\/bilive.ma\/index.php\/wp-json\/wp\/v2\/product"}],"about":[{"href":"https:\/\/bilive.ma\/index.php\/wp-json\/wp\/v2\/types\/product"}],"replies":[{"embeddable":true,"href":"https:\/\/bilive.ma\/index.php\/wp-json\/wp\/v2\/comments?post=6071"}],"version-history":[{"count":2,"href":"https:\/\/bilive.ma\/index.php\/wp-json\/wp\/v2\/product\/6071\/revisions"}],"predecessor-version":[{"id":6074,"href":"https:\/\/bilive.ma\/index.php\/wp-json\/wp\/v2\/product\/6071\/revisions\/6074"}],"wp:featuredmedia":[{"embeddable":true,"href":"https:\/\/bilive.ma\/index.php\/wp-json\/wp\/v2\/media\/6072"}],"wp:attachment":[{"href":"https:\/\/bilive.ma\/index.php\/wp-json\/wp\/v2\/media?parent=6071"}],"wp:term":[{"taxonomy":"product_brand","embeddable":true,"href":"https:\/\/bilive.ma\/index.php\/wp-json\/wp\/v2\/product_brand?post=6071"},{"taxonomy":"product_cat","embeddable":true,"href":"https:\/\/bilive.ma\/index.php\/wp-json\/wp\/v2\/product_cat?post=6071"},{"taxonomy":"product_tag","embeddable":true,"href":"https:\/\/bilive.ma\/index.php\/wp-json\/wp\/v2\/product_tag?post=6071"}],"curies":[{"name":"wp","href":"https:\/\/api.w.org\/{rel}","templated":true}]}}