{"id":6075,"date":"2026-04-20T15:46:12","date_gmt":"2026-04-20T13:46:12","guid":{"rendered":"https:\/\/bilive.ma\/?post_type=product&#038;p=6075"},"modified":"2026-04-20T15:46:12","modified_gmt":"2026-04-20T13:46:12","slug":"citrons-confits-traditionnels-bio","status":"publish","type":"product","link":"https:\/\/bilive.ma\/index.php\/product\/citrons-confits-traditionnels-bio\/","title":{"rendered":"Citrons Confits Traditionnels Bio"},"content":{"rendered":"<p style=\"text-align: justify;\" data-start=\"127\" data-end=\"351\">Apportez une touche authentique \u00e0 vos plats avec ces citrons confits pr\u00e9par\u00e9s selon une m\u00e9thode traditionnelle. Leur go\u00fbt unique, \u00e0 la fois sal\u00e9, acidul\u00e9 et l\u00e9g\u00e8rement ferment\u00e9, est un incontournable de la cuisine marocaine.<\/p>\n<h4 style=\"text-align: justify;\" data-start=\"353\" data-end=\"378\">\u2728 Caract\u00e9ristiques :<\/h4>\n<ul style=\"text-align: justify;\" data-start=\"379\" data-end=\"498\">\n<li data-section-id=\"1is8c7a\" data-start=\"379\" data-end=\"417\">Citrons soigneusement s\u00e9lectionn\u00e9s<\/li>\n<li data-section-id=\"rh4zbb\" data-start=\"418\" data-end=\"444\">Pr\u00e9paration artisanale<\/li>\n<li data-section-id=\"mv9mp8\" data-start=\"445\" data-end=\"477\">Saveur intense et \u00e9quilibr\u00e9e<\/li>\n<li data-section-id=\"q37khs\" data-start=\"478\" data-end=\"498\">Pr\u00eats \u00e0 l\u2019emploi<\/li>\n<\/ul>\n<h4 style=\"text-align: justify;\" data-start=\"500\" data-end=\"522\">\ud83c\udf7d\ufe0f Utilisation :<\/h4>\n<p style=\"text-align: justify;\" data-start=\"523\" data-end=\"663\">Parfaits pour les tajines, les plats de poulet, les salades ou les sauces. Ils apportent une note fra\u00eeche et parfum\u00e9e \u00e0 toutes vos recettes.<\/p>\n<h4 style=\"text-align: justify;\" data-start=\"665\" data-end=\"690\">\ud83d\udce6 Conditionnement :<\/h4>\n<p style=\"text-align: justify;\" data-start=\"691\" data-end=\"761\">Conditionn\u00e9s en bocal en verre pour pr\u00e9server la qualit\u00e9 et la saveur.<\/p>\n","protected":false},"excerpt":{"rendered":"<p>Apportez une touche authentique \u00e0 vos plats avec ces citrons confits pr\u00e9par\u00e9s selon une m\u00e9thode traditionnelle. Leur go\u00fbt unique, \u00e0 la fois sal\u00e9, acidul\u00e9 et l\u00e9g\u00e8rement ferment\u00e9, est un incontournable de la cuisine marocaine.<\/p>\n","protected":false},"featured_media":6076,"comment_status":"open","ping_status":"closed","template":"","meta":[],"product_brand":[],"product_cat":[82,105],"product_tag":[],"class_list":{"0":"post-6075","1":"product","2":"type-product","3":"status-publish","4":"has-post-thumbnail","6":"product_cat-epices-plantes-et-grains","7":"product_cat-produits-du-terroir","9":"first","10":"instock","11":"shipping-taxable","12":"purchasable","13":"product-type-simple"},"_links":{"self":[{"href":"https:\/\/bilive.ma\/index.php\/wp-json\/wp\/v2\/product\/6075","targetHints":{"allow":["GET"]}}],"collection":[{"href":"https:\/\/bilive.ma\/index.php\/wp-json\/wp\/v2\/product"}],"about":[{"href":"https:\/\/bilive.ma\/index.php\/wp-json\/wp\/v2\/types\/product"}],"replies":[{"embeddable":true,"href":"https:\/\/bilive.ma\/index.php\/wp-json\/wp\/v2\/comments?post=6075"}],"version-history":[{"count":1,"href":"https:\/\/bilive.ma\/index.php\/wp-json\/wp\/v2\/product\/6075\/revisions"}],"predecessor-version":[{"id":6077,"href":"https:\/\/bilive.ma\/index.php\/wp-json\/wp\/v2\/product\/6075\/revisions\/6077"}],"wp:featuredmedia":[{"embeddable":true,"href":"https:\/\/bilive.ma\/index.php\/wp-json\/wp\/v2\/media\/6076"}],"wp:attachment":[{"href":"https:\/\/bilive.ma\/index.php\/wp-json\/wp\/v2\/media?parent=6075"}],"wp:term":[{"taxonomy":"product_brand","embeddable":true,"href":"https:\/\/bilive.ma\/index.php\/wp-json\/wp\/v2\/product_brand?post=6075"},{"taxonomy":"product_cat","embeddable":true,"href":"https:\/\/bilive.ma\/index.php\/wp-json\/wp\/v2\/product_cat?post=6075"},{"taxonomy":"product_tag","embeddable":true,"href":"https:\/\/bilive.ma\/index.php\/wp-json\/wp\/v2\/product_tag?post=6075"}],"curies":[{"name":"wp","href":"https:\/\/api.w.org\/{rel}","templated":true}]}}