{"id":6078,"date":"2026-04-20T15:48:49","date_gmt":"2026-04-20T13:48:49","guid":{"rendered":"https:\/\/bilive.ma\/?post_type=product&#038;p=6078"},"modified":"2026-04-20T15:49:06","modified_gmt":"2026-04-20T13:49:06","slug":"harissa-hara","status":"publish","type":"product","link":"https:\/\/bilive.ma\/index.php\/product\/harissa-hara\/","title":{"rendered":"Harissa hara"},"content":{"rendered":"<p style=\"text-align: justify;\" data-start=\"295\" data-end=\"584\">D\u00e9couvrez la richesse des saveurs m\u00e9diterran\u00e9ennes avec cette d\u00e9licieuse harissa sign\u00e9e <span class=\"hover:entity-accent entity-underline inline cursor-pointer align-baseline\"><span class=\"whitespace-normal\">Bilive<\/span><\/span>. Pr\u00e9par\u00e9e \u00e0 base de piments m\u00fbrs, d\u2019\u00e9pices aromatiques et d\u2019huile d\u2019olive, cette sauce offre un \u00e9quilibre parfait entre piquant et go\u00fbt.<\/p>\n<p style=\"text-align: justify;\" data-start=\"586\" data-end=\"763\">Id\u00e9ale pour accompagner vos viandes, poissons, couscous, sandwichs ou m\u00eame pour relever vos sauces, cette harissa bio est un incontournable pour les amateurs de cuisine relev\u00e9e.<\/p>\n<p style=\"text-align: justify;\" data-start=\"765\" data-end=\"787\"><strong data-start=\"765\" data-end=\"787\">Caract\u00e9ristiques :<\/strong><\/p>\n<ul style=\"text-align: justify;\" data-start=\"788\" data-end=\"925\">\n<li data-section-id=\"4kouwx\" data-start=\"788\" data-end=\"808\">Produit biologique<\/li>\n<li data-section-id=\"1wvli3y\" data-start=\"809\" data-end=\"840\">Saveur intense et authentique<\/li>\n<li data-section-id=\"kdimmq\" data-start=\"841\" data-end=\"860\">Texture onctueuse<\/li>\n<li data-section-id=\"1c34gqq\" data-start=\"861\" data-end=\"893\">Sans conservateurs artificiels<\/li>\n<li data-section-id=\"1ptevpl\" data-start=\"894\" data-end=\"925\">Conditionn\u00e9 en bocal en verre<\/li>\n<\/ul>\n<p style=\"text-align: justify;\" data-start=\"927\" data-end=\"1043\"><strong data-start=\"927\" data-end=\"955\">Conseils d\u2019utilisation :<\/strong><br data-start=\"955\" data-end=\"958\" \/>Ajoutez une petite quantit\u00e9 selon votre tol\u00e9rance au piquant pour sublimer vos plats.<\/p>\n<p style=\"text-align: justify;\" data-start=\"1045\" data-end=\"1062\"><strong data-start=\"1045\" data-end=\"1056\">Poids :<\/strong> 200 g<\/p>\n","protected":false},"excerpt":{"rendered":"<p style=\"text-align: justify;\">Apportez une touche \u00e9pic\u00e9e et authentique \u00e0 vos plats avec cette harissa bio savoureuse, \u00e9labor\u00e9e \u00e0 partir d\u2019ingr\u00e9dients naturels soigneusement s\u00e9lectionn\u00e9s.<\/p>\n","protected":false},"featured_media":6079,"comment_status":"open","ping_status":"closed","template":"","meta":[],"product_brand":[],"product_cat":[82,105],"product_tag":[],"class_list":{"0":"post-6078","1":"product","2":"type-product","3":"status-publish","4":"has-post-thumbnail","6":"product_cat-epices-plantes-et-grains","7":"product_cat-produits-du-terroir","9":"first","10":"instock","11":"shipping-taxable","12":"purchasable","13":"product-type-simple"},"_links":{"self":[{"href":"https:\/\/bilive.ma\/index.php\/wp-json\/wp\/v2\/product\/6078","targetHints":{"allow":["GET"]}}],"collection":[{"href":"https:\/\/bilive.ma\/index.php\/wp-json\/wp\/v2\/product"}],"about":[{"href":"https:\/\/bilive.ma\/index.php\/wp-json\/wp\/v2\/types\/product"}],"replies":[{"embeddable":true,"href":"https:\/\/bilive.ma\/index.php\/wp-json\/wp\/v2\/comments?post=6078"}],"version-history":[{"count":1,"href":"https:\/\/bilive.ma\/index.php\/wp-json\/wp\/v2\/product\/6078\/revisions"}],"predecessor-version":[{"id":6080,"href":"https:\/\/bilive.ma\/index.php\/wp-json\/wp\/v2\/product\/6078\/revisions\/6080"}],"wp:featuredmedia":[{"embeddable":true,"href":"https:\/\/bilive.ma\/index.php\/wp-json\/wp\/v2\/media\/6079"}],"wp:attachment":[{"href":"https:\/\/bilive.ma\/index.php\/wp-json\/wp\/v2\/media?parent=6078"}],"wp:term":[{"taxonomy":"product_brand","embeddable":true,"href":"https:\/\/bilive.ma\/index.php\/wp-json\/wp\/v2\/product_brand?post=6078"},{"taxonomy":"product_cat","embeddable":true,"href":"https:\/\/bilive.ma\/index.php\/wp-json\/wp\/v2\/product_cat?post=6078"},{"taxonomy":"product_tag","embeddable":true,"href":"https:\/\/bilive.ma\/index.php\/wp-json\/wp\/v2\/product_tag?post=6078"}],"curies":[{"name":"wp","href":"https:\/\/api.w.org\/{rel}","templated":true}]}}