{"id":6084,"date":"2026-04-20T15:53:12","date_gmt":"2026-04-20T13:53:12","guid":{"rendered":"https:\/\/bilive.ma\/?post_type=product&#038;p=6084"},"modified":"2026-04-20T15:53:12","modified_gmt":"2026-04-20T13:53:12","slug":"epices-harissa-en-poudre","status":"publish","type":"product","link":"https:\/\/bilive.ma\/index.php\/product\/epices-harissa-en-poudre\/","title":{"rendered":"\u00c9pices Harissa en Poudre"},"content":{"rendered":"<p data-start=\"257\" data-end=\"552\">Apportez du caract\u00e8re \u00e0 votre cuisine avec ce m\u00e9lange d\u2019\u00e9pices harissa en poudre sign\u00e9 <span class=\"hover:entity-accent entity-underline inline cursor-pointer align-baseline\"><span class=\"whitespace-normal\">Bilive<\/span><\/span>. \u00c9labor\u00e9 \u00e0 partir de piments s\u00e9ch\u00e9s et d\u2019\u00e9pices soigneusement s\u00e9lectionn\u00e9es, ce condiment offre une saveur riche, l\u00e9g\u00e8rement fum\u00e9e et piquante.<\/p>\n<p data-start=\"554\" data-end=\"707\">Facile \u00e0 utiliser, il suffit de saupoudrer directement sur vos pr\u00e9parations ou de le m\u00e9langer avec de l\u2019huile d\u2019olive pour cr\u00e9er une p\u00e2te harissa maison.<\/p>\n<p data-start=\"709\" data-end=\"735\">Parfait pour assaisonner :<\/p>\n<ul data-start=\"736\" data-end=\"868\">\n<li data-section-id=\"1198f04\" data-start=\"736\" data-end=\"760\">Viandes et grillades<\/li>\n<li data-section-id=\"u6zwq1\" data-start=\"761\" data-end=\"790\">Poissons et fruits de mer<\/li>\n<li data-section-id=\"1ej506k\" data-start=\"791\" data-end=\"808\">L\u00e9gumes r\u00f4tis<\/li>\n<li data-section-id=\"1iiom8x\" data-start=\"809\" data-end=\"844\">Couscous et plats traditionnels<\/li>\n<li data-section-id=\"uwhibl\" data-start=\"845\" data-end=\"868\">Marinades et sauces<\/li>\n<\/ul>\n<p data-start=\"870\" data-end=\"892\"><strong data-start=\"870\" data-end=\"892\">Caract\u00e9ristiques :<\/strong><\/p>\n<ul data-start=\"893\" data-end=\"1033\">\n<li data-section-id=\"9q3am9\" data-start=\"893\" data-end=\"915\">Produit biologique<\/li>\n<li data-section-id=\"jkyx49\" data-start=\"916\" data-end=\"933\">100 % naturel<\/li>\n<li data-section-id=\"f228sx\" data-start=\"934\" data-end=\"963\">Saveur \u00e9pic\u00e9e et parfum\u00e9e<\/li>\n<li data-section-id=\"6i7bzd\" data-start=\"964\" data-end=\"998\">Texture fine et facile \u00e0 doser<\/li>\n<li data-section-id=\"1f9ls7o\" data-start=\"999\" data-end=\"1033\">Sans additifs ni conservateurs<\/li>\n<\/ul>\n<p data-start=\"1035\" data-end=\"1054\"><strong data-start=\"1035\" data-end=\"1046\">Poids :<\/strong> 100 g<\/p>\n","protected":false},"excerpt":{"rendered":"<p style=\"text-align: justify;\">Un m\u00e9lange d\u2019\u00e9pices harissa bio en poudre, id\u00e9al pour relever vos plats avec une saveur intense et authentique.<\/p>\n","protected":false},"featured_media":6085,"comment_status":"open","ping_status":"closed","template":"","meta":[],"product_brand":[],"product_cat":[82,105],"product_tag":[],"class_list":{"0":"post-6084","1":"product","2":"type-product","3":"status-publish","4":"has-post-thumbnail","6":"product_cat-epices-plantes-et-grains","7":"product_cat-produits-du-terroir","9":"first","10":"instock","11":"shipping-taxable","12":"purchasable","13":"product-type-simple"},"_links":{"self":[{"href":"https:\/\/bilive.ma\/index.php\/wp-json\/wp\/v2\/product\/6084","targetHints":{"allow":["GET"]}}],"collection":[{"href":"https:\/\/bilive.ma\/index.php\/wp-json\/wp\/v2\/product"}],"about":[{"href":"https:\/\/bilive.ma\/index.php\/wp-json\/wp\/v2\/types\/product"}],"replies":[{"embeddable":true,"href":"https:\/\/bilive.ma\/index.php\/wp-json\/wp\/v2\/comments?post=6084"}],"version-history":[{"count":1,"href":"https:\/\/bilive.ma\/index.php\/wp-json\/wp\/v2\/product\/6084\/revisions"}],"predecessor-version":[{"id":6086,"href":"https:\/\/bilive.ma\/index.php\/wp-json\/wp\/v2\/product\/6084\/revisions\/6086"}],"wp:featuredmedia":[{"embeddable":true,"href":"https:\/\/bilive.ma\/index.php\/wp-json\/wp\/v2\/media\/6085"}],"wp:attachment":[{"href":"https:\/\/bilive.ma\/index.php\/wp-json\/wp\/v2\/media?parent=6084"}],"wp:term":[{"taxonomy":"product_brand","embeddable":true,"href":"https:\/\/bilive.ma\/index.php\/wp-json\/wp\/v2\/product_brand?post=6084"},{"taxonomy":"product_cat","embeddable":true,"href":"https:\/\/bilive.ma\/index.php\/wp-json\/wp\/v2\/product_cat?post=6084"},{"taxonomy":"product_tag","embeddable":true,"href":"https:\/\/bilive.ma\/index.php\/wp-json\/wp\/v2\/product_tag?post=6084"}],"curies":[{"name":"wp","href":"https:\/\/api.w.org\/{rel}","templated":true}]}}