{"id":6087,"date":"2026-04-21T15:46:51","date_gmt":"2026-04-21T13:46:51","guid":{"rendered":"https:\/\/bilive.ma\/?post_type=product&#038;p=6087"},"modified":"2026-04-21T15:47:12","modified_gmt":"2026-04-21T13:47:12","slug":"coriandre-sechee","status":"publish","type":"product","link":"https:\/\/bilive.ma\/index.php\/product\/coriandre-sechee\/","title":{"rendered":"\u0642\u0632\u0628\u0631 \u064a\u0627\u0628\u0633 \u0637\u0628\u064a\u0639\u064a"},"content":{"rendered":"<section class=\"text-token-text-primary w-full focus:outline-none [--shadow-height:45px] has-data-writing-block:pointer-events-none has-data-writing-block:-mt-(--shadow-height) has-data-writing-block:pt-(--shadow-height) [&amp;:has([data-writing-block])&gt;*]:pointer-events-auto [content-visibility:auto] supports-[content-visibility:auto]:[contain-intrinsic-size:auto_100lvh] R6Vx5W_threadScrollVars scroll-mb-[calc(var(--scroll-root-safe-area-inset-bottom,0px)+var(--thread-response-height))] scroll-mt-[calc(var(--header-height)+min(200px,max(70px,20svh)))]\" dir=\"auto\" data-turn-id=\"request-WEB:bf86e49b-9938-41dc-8b5c-31e58698c8aa-4\" data-testid=\"conversation-turn-10\" data-scroll-anchor=\"false\" data-turn=\"assistant\">\n<div class=\"text-base my-auto mx-auto pb-10 [--thread-content-margin:var(--thread-content-margin-xs,calc(var(--spacing)*4))] @w-sm\/main:[--thread-content-margin:var(--thread-content-margin-sm,calc(var(--spacing)*6))] @w-lg\/main:[--thread-content-margin:var(--thread-content-margin-lg,calc(var(--spacing)*16))] px-(--thread-content-margin)\">\n<div class=\"[--thread-content-max-width:40rem] @w-lg\/main:[--thread-content-max-width:48rem] mx-auto max-w-(--thread-content-max-width) flex-1 group\/turn-messages focus-visible:outline-hidden relative flex w-full min-w-0 flex-col agent-turn\">\n<div class=\"flex max-w-full flex-col gap-4 grow\">\n<div class=\"min-h-8 text-message relative flex w-full flex-col items-end gap-2 text-start break-words whitespace-normal outline-none keyboard-focused:focus-ring [.text-message+&amp;]:mt-1\" dir=\"auto\" tabindex=\"0\" data-message-author-role=\"assistant\" data-message-id=\"745cace9-c9bd-446e-8fd1-c6edab7069ab\" data-message-model-slug=\"gpt-5-3\" data-turn-start-message=\"true\">\n<div class=\"flex w-full flex-col gap-1 empty:hidden\">\n<div class=\"markdown prose dark:prose-invert w-full wrap-break-word light markdown-new-styling\">\n<p style=\"text-align: justify;\" data-start=\"0\" data-end=\"249\">La coriandre s\u00e9ch\u00e9e est une herbe aromatique incontournable dans de nombreuses cuisines du monde. Appr\u00e9ci\u00e9e pour son parfum d\u00e9licat et l\u00e9g\u00e8rement citronn\u00e9, elle apporte une touche de fra\u00eecheur et de saveur \u00e0 vos plats.<\/p>\n<p style=\"text-align: justify;\" data-start=\"251\" data-end=\"451\">Id\u00e9ale pour assaisonner les viandes, les poissons, les l\u00e9gumes, les sauces ou encore les soupes, elle se marie parfaitement avec diverses \u00e9pices pour sublimer vos recettes traditionnelles et modernes.<\/p>\n<p style=\"text-align: justify;\" data-start=\"453\" data-end=\"580\">Facile \u00e0 conserver gr\u00e2ce \u00e0 son emballage herm\u00e9tique, cette coriandre s\u00e9ch\u00e9e garde toute son intensit\u00e9 aromatique et sa qualit\u00e9.<\/p>\n<p style=\"text-align: justify;\" data-start=\"582\" data-end=\"606\"><strong data-start=\"582\" data-end=\"604\">Caract\u00e9ristiques :<\/strong><\/p>\n<ul style=\"text-align: justify;\" data-start=\"607\" data-end=\"765\" data-is-last-node=\"\" data-is-only-node=\"\">\n<li data-section-id=\"1awd3bq\" data-start=\"607\" data-end=\"642\">100% coriandre s\u00e9ch\u00e9e naturelle<\/li>\n<li data-section-id=\"8fwnrw\" data-start=\"643\" data-end=\"673\">Ar\u00f4me riche et authentique<\/li>\n<li data-section-id=\"1g9vuat\" data-start=\"674\" data-end=\"712\">Utilisation polyvalente en cuisine<\/li>\n<li data-section-id=\"1vjdniq\" data-start=\"713\" data-end=\"765\" data-is-last-node=\"\">Emballage pratique pour une meilleure conservation<\/li>\n<\/ul>\n<\/div>\n<\/div>\n<\/div>\n<\/div>\n<\/div>\n<\/div>\n<\/section>\n<div class=\"pointer-events-none -mt-px h-px translate-y-[calc(var(--scroll-root-safe-area-inset-bottom)-14*var(--spacing))]\" style=\"text-align: justify;\" aria-hidden=\"true\"><\/div>\n","protected":false},"excerpt":{"rendered":"<p>La coriandre s\u00e9ch\u00e9e est une herbe aromatique incontournable dans de nombreuses cuisines du monde. Appr\u00e9ci\u00e9e pour son parfum d\u00e9licat et l\u00e9g\u00e8rement citronn\u00e9, elle apporte une touche de fra\u00eecheur et de saveur \u00e0 vos plats. Id\u00e9ale pour assaisonner les viandes, les poissons, les l\u00e9gumes, les sauces ou encore les soupes, elle se marie parfaitement avec diverses [&hellip;]<\/p>\n","protected":false},"featured_media":6088,"comment_status":"open","ping_status":"closed","template":"","meta":[],"product_brand":[],"product_cat":[82,105],"product_tag":[],"class_list":{"0":"post-6087","1":"product","2":"type-product","3":"status-publish","4":"has-post-thumbnail","6":"product_cat-epices-plantes-et-grains","7":"product_cat-produits-du-terroir","9":"first","10":"instock","11":"shipping-taxable","12":"purchasable","13":"product-type-simple"},"_links":{"self":[{"href":"https:\/\/bilive.ma\/index.php\/wp-json\/wp\/v2\/product\/6087","targetHints":{"allow":["GET"]}}],"collection":[{"href":"https:\/\/bilive.ma\/index.php\/wp-json\/wp\/v2\/product"}],"about":[{"href":"https:\/\/bilive.ma\/index.php\/wp-json\/wp\/v2\/types\/product"}],"replies":[{"embeddable":true,"href":"https:\/\/bilive.ma\/index.php\/wp-json\/wp\/v2\/comments?post=6087"}],"version-history":[{"count":2,"href":"https:\/\/bilive.ma\/index.php\/wp-json\/wp\/v2\/product\/6087\/revisions"}],"predecessor-version":[{"id":6090,"href":"https:\/\/bilive.ma\/index.php\/wp-json\/wp\/v2\/product\/6087\/revisions\/6090"}],"wp:featuredmedia":[{"embeddable":true,"href":"https:\/\/bilive.ma\/index.php\/wp-json\/wp\/v2\/media\/6088"}],"wp:attachment":[{"href":"https:\/\/bilive.ma\/index.php\/wp-json\/wp\/v2\/media?parent=6087"}],"wp:term":[{"taxonomy":"product_brand","embeddable":true,"href":"https:\/\/bilive.ma\/index.php\/wp-json\/wp\/v2\/product_brand?post=6087"},{"taxonomy":"product_cat","embeddable":true,"href":"https:\/\/bilive.ma\/index.php\/wp-json\/wp\/v2\/product_cat?post=6087"},{"taxonomy":"product_tag","embeddable":true,"href":"https:\/\/bilive.ma\/index.php\/wp-json\/wp\/v2\/product_tag?post=6087"}],"curies":[{"name":"wp","href":"https:\/\/api.w.org\/{rel}","templated":true}]}}