{"id":6091,"date":"2026-04-21T15:49:12","date_gmt":"2026-04-21T13:49:12","guid":{"rendered":"https:\/\/bilive.ma\/?post_type=product&#038;p=6091"},"modified":"2026-04-21T15:49:12","modified_gmt":"2026-04-21T13:49:12","slug":"epices-poulet","status":"publish","type":"product","link":"https:\/\/bilive.ma\/index.php\/product\/epices-poulet\/","title":{"rendered":"\u00c9pices poulet"},"content":{"rendered":"<p style=\"text-align: justify;\" data-start=\"77\" data-end=\"371\">Ce m\u00e9lange d\u2019\u00e9pices sp\u00e9cialement con\u00e7u pour le poulet est un incontournable pour relever vos plats avec go\u00fbt et authenticit\u00e9. Compos\u00e9 d\u2019un assortiment d\u2019\u00e9pices finement moulues, il offre un \u00e9quilibre parfait entre saveurs chaudes, l\u00e9g\u00e8rement \u00e9pic\u00e9es et parfum\u00e9es.<\/p>\n<p style=\"text-align: justify;\" data-start=\"373\" data-end=\"607\">Id\u00e9al pour assaisonner le poulet r\u00f4ti, grill\u00e9 ou en sauce, ce m\u00e9lange apporte une touche savoureuse et parfum\u00e9e \u00e0 vos pr\u00e9parations. Il peut \u00e9galement \u00eatre utilis\u00e9 pour mariner les viandes ou relever des l\u00e9gumes et plats traditionnels.<\/p>\n<p style=\"text-align: justify;\" data-start=\"609\" data-end=\"734\">Pr\u00e9sent\u00e9 dans un emballage herm\u00e9tique, il conserve toute sa fra\u00eecheur et ses ar\u00f4mes pour une utilisation optimale en cuisine.<\/p>\n<p style=\"text-align: justify;\" data-start=\"736\" data-end=\"760\"><strong data-start=\"736\" data-end=\"758\">Caract\u00e9ristiques :<\/strong><\/p>\n<ul data-start=\"761\" data-end=\"948\">\n<li style=\"text-align: justify;\" data-section-id=\"163rssa\" data-start=\"761\" data-end=\"793\">M\u00e9lange d\u2019\u00e9pices pour poulet<\/li>\n<li style=\"text-align: justify;\" data-section-id=\"1rqfntj\" data-start=\"794\" data-end=\"824\">Saveur riche et \u00e9quilibr\u00e9e<\/li>\n<li style=\"text-align: justify;\" data-section-id=\"vurlit\" data-start=\"825\" data-end=\"862\">Utilisation facile et polyvalente<\/li>\n<li style=\"text-align: justify;\" data-section-id=\"ivmz6r\" data-start=\"863\" data-end=\"891\">Format pratique de 100 g<\/li>\n<li style=\"text-align: justify;\" data-section-id=\"1py6hgp\" data-start=\"892\" data-end=\"948\">Conservation optimale gr\u00e2ce \u00e0 l\u2019emballage herm\u00e9tique<\/li>\n<\/ul>\n","protected":false},"excerpt":{"rendered":"<p>Ce m\u00e9lange d\u2019\u00e9pices sp\u00e9cialement con\u00e7u pour le poulet est un incontournable pour relever vos plats avec go\u00fbt et authenticit\u00e9. Compos\u00e9 d\u2019un assortiment d\u2019\u00e9pices finement moulues, il offre un \u00e9quilibre parfait entre saveurs chaudes, l\u00e9g\u00e8rement \u00e9pic\u00e9es et parfum\u00e9es.<\/p>\n","protected":false},"featured_media":6092,"comment_status":"open","ping_status":"closed","template":"","meta":[],"product_brand":[],"product_cat":[82,105],"product_tag":[],"class_list":{"0":"post-6091","1":"product","2":"type-product","3":"status-publish","4":"has-post-thumbnail","6":"product_cat-epices-plantes-et-grains","7":"product_cat-produits-du-terroir","9":"first","10":"instock","11":"shipping-taxable","12":"purchasable","13":"product-type-simple"},"_links":{"self":[{"href":"https:\/\/bilive.ma\/index.php\/wp-json\/wp\/v2\/product\/6091","targetHints":{"allow":["GET"]}}],"collection":[{"href":"https:\/\/bilive.ma\/index.php\/wp-json\/wp\/v2\/product"}],"about":[{"href":"https:\/\/bilive.ma\/index.php\/wp-json\/wp\/v2\/types\/product"}],"replies":[{"embeddable":true,"href":"https:\/\/bilive.ma\/index.php\/wp-json\/wp\/v2\/comments?post=6091"}],"version-history":[{"count":1,"href":"https:\/\/bilive.ma\/index.php\/wp-json\/wp\/v2\/product\/6091\/revisions"}],"predecessor-version":[{"id":6093,"href":"https:\/\/bilive.ma\/index.php\/wp-json\/wp\/v2\/product\/6091\/revisions\/6093"}],"wp:featuredmedia":[{"embeddable":true,"href":"https:\/\/bilive.ma\/index.php\/wp-json\/wp\/v2\/media\/6092"}],"wp:attachment":[{"href":"https:\/\/bilive.ma\/index.php\/wp-json\/wp\/v2\/media?parent=6091"}],"wp:term":[{"taxonomy":"product_brand","embeddable":true,"href":"https:\/\/bilive.ma\/index.php\/wp-json\/wp\/v2\/product_brand?post=6091"},{"taxonomy":"product_cat","embeddable":true,"href":"https:\/\/bilive.ma\/index.php\/wp-json\/wp\/v2\/product_cat?post=6091"},{"taxonomy":"product_tag","embeddable":true,"href":"https:\/\/bilive.ma\/index.php\/wp-json\/wp\/v2\/product_tag?post=6091"}],"curies":[{"name":"wp","href":"https:\/\/api.w.org\/{rel}","templated":true}]}}