{"id":6101,"date":"2026-04-21T16:00:31","date_gmt":"2026-04-21T14:00:31","guid":{"rendered":"https:\/\/bilive.ma\/?post_type=product&#038;p=6101"},"modified":"2026-04-21T16:02:10","modified_gmt":"2026-04-21T14:02:10","slug":"paprika-baldia-sans-huile","status":"publish","type":"product","link":"https:\/\/bilive.ma\/index.php\/product\/paprika-baldia-sans-huile\/","title":{"rendered":"Paprika baldia sans huile : \u062a\u062d\u0645\u064a\u0631\u0629 \u0628\u0644\u062f\u064a\u0629 \u0628\u062f\u0648\u0646 \u0632\u064a\u062a"},"content":{"rendered":"<p style=\"text-align: justify;\" data-start=\"332\" data-end=\"586\">Ce piment doux moulu, aussi appel\u00e9 paprika, est une \u00e9pice tr\u00e8s appr\u00e9ci\u00e9e pour sa belle couleur rouge et son go\u00fbt l\u00e9g\u00e8rement sucr\u00e9 et aromatique. Il est id\u00e9al pour relever vos plats sans apporter de forte sensation de piquant.<\/p>\n<p style=\"text-align: justify;\" data-start=\"588\" data-end=\"794\">Utilis\u00e9 dans de nombreuses cuisines du monde, il s\u2019int\u00e8gre parfaitement dans les marinades, sauces, grillades, l\u00e9gumes, riz ou plats traditionnels. Sa texture fine permet une diffusion homog\u00e8ne des saveurs.<\/p>\n<p style=\"text-align: justify;\" data-start=\"796\" data-end=\"897\">Conditionn\u00e9 dans un emballage herm\u00e9tique, il conserve toute sa fra\u00eecheur et son intensit\u00e9 aromatique.<\/p>\n<p style=\"text-align: justify;\" data-start=\"899\" data-end=\"923\"><strong data-start=\"899\" data-end=\"921\">Caract\u00e9ristiques :<\/strong><\/p>\n<ul style=\"text-align: justify;\" data-start=\"924\" data-end=\"1083\">\n<li data-section-id=\"jljl8a\" data-start=\"924\" data-end=\"945\">Poids net : 100 g<\/li>\n<li data-section-id=\"1oh62eh\" data-start=\"946\" data-end=\"974\">Type : Piment doux moulu<\/li>\n<li data-section-id=\"k6oq1g\" data-start=\"975\" data-end=\"1012\">Saveur : Douce, l\u00e9g\u00e8rement sucr\u00e9e<\/li>\n<li data-section-id=\"prrikh\" data-start=\"1013\" data-end=\"1040\">Couleur : Rouge intense<\/li>\n<li data-section-id=\"jkyx49\" data-start=\"1041\" data-end=\"1058\">100 % naturel<\/li>\n<li data-section-id=\"rkf1c1\" data-start=\"1059\" data-end=\"1083\">Emballage refermable<\/li>\n<\/ul>\n<p style=\"text-align: justify;\" data-start=\"1085\" data-end=\"1244\"><strong data-start=\"1085\" data-end=\"1113\">Conseils d\u2019utilisation :<\/strong><br data-start=\"1113\" data-end=\"1116\" \/>\u00c0 saupoudrer directement dans vos plats ou \u00e0 incorporer dans vos marinades. Id\u00e9al pour les viandes, poissons, l\u00e9gumes et sauces.<\/p>\n<p style=\"text-align: justify;\" data-start=\"1246\" data-end=\"1332\"><strong data-start=\"1246\" data-end=\"1264\">Conservation :<\/strong><br data-start=\"1264\" data-end=\"1267\" \/>\u00c0 conserver dans un endroit frais, sec et \u00e0 l\u2019abri de la lumi\u00e8re.<\/p>\n","protected":false},"excerpt":{"rendered":"<p style=\"text-align: justify;\">Ce piment doux moulu, aussi appel\u00e9 paprika, est une \u00e9pice tr\u00e8s appr\u00e9ci\u00e9e pour sa belle couleur rouge et son go\u00fbt l\u00e9g\u00e8rement sucr\u00e9 et aromatique. Il est id\u00e9al pour relever vos plats sans apporter de forte sensation de piquant.<\/p>\n","protected":false},"featured_media":6104,"comment_status":"open","ping_status":"closed","template":"","meta":[],"product_brand":[],"product_cat":[82,105],"product_tag":[],"class_list":{"0":"post-6101","1":"product","2":"type-product","3":"status-publish","4":"has-post-thumbnail","6":"product_cat-epices-plantes-et-grains","7":"product_cat-produits-du-terroir","9":"first","10":"instock","11":"shipping-taxable","12":"purchasable","13":"product-type-simple"},"_links":{"self":[{"href":"https:\/\/bilive.ma\/index.php\/wp-json\/wp\/v2\/product\/6101","targetHints":{"allow":["GET"]}}],"collection":[{"href":"https:\/\/bilive.ma\/index.php\/wp-json\/wp\/v2\/product"}],"about":[{"href":"https:\/\/bilive.ma\/index.php\/wp-json\/wp\/v2\/types\/product"}],"replies":[{"embeddable":true,"href":"https:\/\/bilive.ma\/index.php\/wp-json\/wp\/v2\/comments?post=6101"}],"version-history":[{"count":3,"href":"https:\/\/bilive.ma\/index.php\/wp-json\/wp\/v2\/product\/6101\/revisions"}],"predecessor-version":[{"id":6105,"href":"https:\/\/bilive.ma\/index.php\/wp-json\/wp\/v2\/product\/6101\/revisions\/6105"}],"wp:featuredmedia":[{"embeddable":true,"href":"https:\/\/bilive.ma\/index.php\/wp-json\/wp\/v2\/media\/6104"}],"wp:attachment":[{"href":"https:\/\/bilive.ma\/index.php\/wp-json\/wp\/v2\/media?parent=6101"}],"wp:term":[{"taxonomy":"product_brand","embeddable":true,"href":"https:\/\/bilive.ma\/index.php\/wp-json\/wp\/v2\/product_brand?post=6101"},{"taxonomy":"product_cat","embeddable":true,"href":"https:\/\/bilive.ma\/index.php\/wp-json\/wp\/v2\/product_cat?post=6101"},{"taxonomy":"product_tag","embeddable":true,"href":"https:\/\/bilive.ma\/index.php\/wp-json\/wp\/v2\/product_tag?post=6101"}],"curies":[{"name":"wp","href":"https:\/\/api.w.org\/{rel}","templated":true}]}}