{"id":6152,"date":"2026-04-22T17:38:28","date_gmt":"2026-04-22T15:38:28","guid":{"rendered":"https:\/\/bilive.ma\/?post_type=product&#038;p=6152"},"modified":"2026-04-22T17:41:07","modified_gmt":"2026-04-22T15:41:07","slug":"cardamome-verte-entiere","status":"publish","type":"product","link":"https:\/\/bilive.ma\/index.php\/product\/cardamome-verte-entiere\/","title":{"rendered":"Cardamome verte enti\u00e8re : \u0627\u0644\u0647\u064a\u0644 \u0627\u0644\u0623\u062e\u0636\u0631 \u0627\u0644\u0643\u0627\u0645\u0644"},"content":{"rendered":"<p style=\"text-align: justify;\" data-start=\"114\" data-end=\"417\">Apportez une touche d\u2019exotisme et de raffinement \u00e0 votre cuisine avec ces gousses de <span class=\"hover:entity-accent entity-underline inline cursor-pointer align-baseline\"><span class=\"whitespace-normal\">cardamome verte<\/span><\/span> soigneusement s\u00e9lectionn\u00e9es. R\u00e9put\u00e9e pour son ar\u00f4me intense, \u00e0 la fois citronn\u00e9 et l\u00e9g\u00e8rement sucr\u00e9, la cardamome est une \u00e9pice incontournable dans de nombreuses cuisines du monde.<\/p>\n<p style=\"text-align: justify;\" data-start=\"419\" data-end=\"443\"><strong data-start=\"419\" data-end=\"441\">Caract\u00e9ristiques :<\/strong><\/p>\n<ul style=\"text-align: justify;\" data-start=\"444\" data-end=\"598\">\n<li data-section-id=\"g11cm8\" data-start=\"444\" data-end=\"463\">100 % naturelle<\/li>\n<li data-section-id=\"1vpakzu\" data-start=\"464\" data-end=\"512\">Gousses enti\u00e8res pour une fra\u00eecheur optimale<\/li>\n<li data-section-id=\"x9hcua\" data-start=\"513\" data-end=\"549\">Ar\u00f4me puissant et parfum d\u00e9licat<\/li>\n<li data-section-id=\"zyfh6q\" data-start=\"550\" data-end=\"598\">Conditionn\u00e9e en barquette herm\u00e9tique de 40 g<\/li>\n<\/ul>\n<p style=\"text-align: justify;\" data-start=\"600\" data-end=\"807\"><strong data-start=\"600\" data-end=\"617\">Utilisation :<\/strong><\/p>\n","protected":false},"excerpt":{"rendered":"<p style=\"text-align: justify;\">Apportez une touche d\u2019exotisme et de raffinement \u00e0 votre cuisine avec ces gousses de <span class=\"hover:entity-accent entity-underline inline cursor-pointer align-baseline\"><span class=\"whitespace-normal\">cardamome verte<\/span><\/span> soigneusement s\u00e9lectionn\u00e9es. R\u00e9put\u00e9e pour son ar\u00f4me intense, \u00e0 la fois citronn\u00e9 et l\u00e9g\u00e8rement sucr\u00e9, la cardamome est une \u00e9pice incontournable dans de nombreuses cuisines du monde.<\/p>\n","protected":false},"featured_media":6155,"comment_status":"open","ping_status":"closed","template":"","meta":[],"product_brand":[],"product_cat":[82,105],"product_tag":[],"class_list":{"0":"post-6152","1":"product","2":"type-product","3":"status-publish","4":"has-post-thumbnail","6":"product_cat-epices-plantes-et-grains","7":"product_cat-produits-du-terroir","9":"first","10":"instock","11":"shipping-taxable","12":"purchasable","13":"product-type-simple"},"_links":{"self":[{"href":"https:\/\/bilive.ma\/index.php\/wp-json\/wp\/v2\/product\/6152","targetHints":{"allow":["GET"]}}],"collection":[{"href":"https:\/\/bilive.ma\/index.php\/wp-json\/wp\/v2\/product"}],"about":[{"href":"https:\/\/bilive.ma\/index.php\/wp-json\/wp\/v2\/types\/product"}],"replies":[{"embeddable":true,"href":"https:\/\/bilive.ma\/index.php\/wp-json\/wp\/v2\/comments?post=6152"}],"version-history":[{"count":3,"href":"https:\/\/bilive.ma\/index.php\/wp-json\/wp\/v2\/product\/6152\/revisions"}],"predecessor-version":[{"id":6156,"href":"https:\/\/bilive.ma\/index.php\/wp-json\/wp\/v2\/product\/6152\/revisions\/6156"}],"wp:featuredmedia":[{"embeddable":true,"href":"https:\/\/bilive.ma\/index.php\/wp-json\/wp\/v2\/media\/6155"}],"wp:attachment":[{"href":"https:\/\/bilive.ma\/index.php\/wp-json\/wp\/v2\/media?parent=6152"}],"wp:term":[{"taxonomy":"product_brand","embeddable":true,"href":"https:\/\/bilive.ma\/index.php\/wp-json\/wp\/v2\/product_brand?post=6152"},{"taxonomy":"product_cat","embeddable":true,"href":"https:\/\/bilive.ma\/index.php\/wp-json\/wp\/v2\/product_cat?post=6152"},{"taxonomy":"product_tag","embeddable":true,"href":"https:\/\/bilive.ma\/index.php\/wp-json\/wp\/v2\/product_tag?post=6152"}],"curies":[{"name":"wp","href":"https:\/\/api.w.org\/{rel}","templated":true}]}}